{"id":40967,"date":"2021-10-04T13:00:49","date_gmt":"2022-01-11T13:26:32","guid":{"rendered":"https:\/\/swier.previewvanwebsite.nl\/product\/schlussel-zur-deichselverriegelung-ces-alp0001-bis-einschlieslich-alp9999\/"},"modified":"2022-07-22T16:30:33","modified_gmt":"2022-07-22T14:30:33","slug":"schlussel-zur-deichselverriegelung-ces-alp0001-bis-einschlieslich-alp9999","status":"publish","type":"product","link":"https:\/\/swier.previewvanwebsite.nl\/de\/produkt\/schlussel-zur-deichselverriegelung-ces-alp0001-bis-einschlieslich-alp9999\/","title":{"rendered":"Schl\u00fcssel zur Deichselverriegelung CES (ALP0001 bis einschlie\u00dflich ALP9999)"},"content":{"rendered":"<p>Bestellen Sie hier Ihre <strong>Originalschl\u00fcssel<\/strong>f\u00fcr ein CES-Deichselschloss, das h\u00e4ufig bei Wohnwagen, Anh\u00e4ngern und Radschl\u00f6ssern verwendet wird.<\/p>\n<p>Die Schl\u00fcsselnummer befindet sich auf dem (Original-)Schl\u00fcssel und\/oder auf dem Schloss. Diese Serie reicht von ALP0001 bis einschlie\u00dflich ALP9999.<\/p>\n<p>Lieferzeit +- 5 bis 10 Arbeitstage<\/p>\n","protected":false},"excerpt":{"rendered":"<p>Bestellen Sie hier Ihre <strong>Originalschl\u00fcssel<\/strong> f\u00fcr ein CES-Deichselschloss, das h\u00e4ufig bei Wohnwagen, Anh\u00e4ngern und Radschl\u00f6ssern verwendet wird.<\/p>\n<p>Die Schl\u00fcsselnummer befindet sich auf dem (Original-)Schl\u00fcssel und\/oder auf dem Schloss. Diese Serie reicht von ALP0001 bis einschlie\u00dflich ALP9999.<\/p>\n<p>Lieferzeit +- 5 bis 10 Arbeitstage<\/p>\n","protected":false},"featured_media":40479,"comment_status":"closed","ping_status":"closed","template":"","meta":{"site-sidebar-layout":"default","site-content-layout":"","ast-site-content-layout":"default","site-content-style":"default","site-sidebar-style":"default","ast-global-header-display":"","ast-banner-title-visibility":"","ast-main-header-display":"","ast-hfb-above-header-display":"","ast-hfb-below-header-display":"","ast-hfb-mobile-header-display":"","site-post-title":"","ast-breadcrumbs-content":"","ast-featured-img":"","footer-sml-layout":"","ast-disable-related-posts":"","theme-transparent-header-meta":"","adv-header-id-meta":"","stick-header-meta":"","header-above-stick-meta":"","header-main-stick-meta":"","header-below-stick-meta":"","astra-migrate-meta-layouts":"default","ast-page-background-enabled":"default","ast-page-background-meta":{"desktop":{"background-color":"var(--ast-global-color-4)","background-image":"","background-repeat":"repeat","background-position":"center center","background-size":"auto","background-attachment":"scroll","background-type":"","background-media":"","overlay-type":"","overlay-color":"","overlay-opacity":"","overlay-gradient":""},"tablet":{"background-color":"","background-image":"","background-repeat":"repeat","background-position":"center center","background-size":"auto","background-attachment":"scroll","background-type":"","background-media":"","overlay-type":"","overlay-color":"","overlay-opacity":"","overlay-gradient":""},"mobile":{"background-color":"","background-image":"","background-repeat":"repeat","background-position":"center center","background-size":"auto","background-attachment":"scroll","background-type":"","background-media":"","overlay-type":"","overlay-color":"","overlay-opacity":"","overlay-gradient":""}},"ast-content-background-meta":{"desktop":{"background-color":"var(--ast-global-color-5)","background-image":"","background-repeat":"repeat","background-position":"center center","background-size":"auto","background-attachment":"scroll","background-type":"","background-media":"","overlay-type":"","overlay-color":"","overlay-opacity":"","overlay-gradient":""},"tablet":{"background-color":"var(--ast-global-color-5)","background-image":"","background-repeat":"repeat","background-position":"center center","background-size":"auto","background-attachment":"scroll","background-type":"","background-media":"","overlay-type":"","overlay-color":"","overlay-opacity":"","overlay-gradient":""},"mobile":{"background-color":"var(--ast-global-color-5)","background-image":"","background-repeat":"repeat","background-position":"center center","background-size":"auto","background-attachment":"scroll","background-type":"","background-media":"","overlay-type":"","overlay-color":"","overlay-opacity":"","overlay-gradient":""}}},"product_brand":[],"product_cat":[767],"product_tag":[],"class_list":{"0":"post-40967","1":"product","2":"type-product","3":"status-publish","4":"has-post-thumbnail","6":"product_cat-wohnwagen-wohnmobilschlussel","7":"product_shipping_class-eingeschriebenes-paket","8":"desktop-align-left","9":"tablet-align-left","10":"mobile-align-left","11":"ast-product-gallery-layout-horizontal-slider","12":"ast-magnify-disabled","13":"ast-product-tabs-layout-distributed","15":"first","16":"instock","17":"taxable","18":"shipping-taxable","19":"purchasable","20":"product-type-simple"},"exclude_global_add_ons":false,"addons":[{"name":"Sleutelnummer (ALP0001 t\/m ALP9999)","type":"heading","position":0,"required":false,"title_format":"label","default":"","description_enable":false,"description":"","placeholder_enable":false,"placeholder":"","display":"select","restrictions_type":"any_text","adjust_price":false,"price":"","price_type":"flat_fee","restrictions":false,"min":"0","max":"0","options":[]},{"name":"Sleutelnummer (ALP0001 t\/m ALP9999)","type":"custom_text","position":1,"required":true,"title_format":"hide","default":"","description_enable":false,"description":"","placeholder_enable":false,"placeholder":"","display":"select","restrictions_type":"any_text","adjust_price":false,"price":"","price_type":"quantity_based","restrictions":false,"min":"0","max":"0","options":[]},{"name":"Upload hier een foto van uw sleutel","type":"heading","position":0,"required":false,"title_format":"label","default":"","description_enable":true,"description":"Graag een duidelijke foto van de gehele sleutel van bovenaf, zodat de insnijdingen goed te zien zijn.\r\nDit vragen wij om er zeker van te zijn dat wij de juiste sleutel leveren. Heeft u geen sleutel meer, dan kunt u dit veld leeg laten.","placeholder_enable":false,"placeholder":"","display":"select","restrictions_type":"any_text","adjust_price":false,"price":"","price_type":"flat_fee","restrictions":false,"min":"0","max":"0","options":[]},{"name":"Upload hier een foto van uw sleutel","type":"file_upload","position":1,"required":false,"title_format":"hide","default":"","description_enable":false,"description":"","placeholder_enable":false,"placeholder":"","display":"select","restrictions_type":"any_text","adjust_price":false,"price":"","price_type":"quantity_based","restrictions":false,"min":"0","max":"0","options":[]},{"name":"Upload hier een foto van uw sleutel","type":"file_upload","position":2,"required":false,"title_format":"hide","default":"","description_enable":true,"description":"Optionele tweede foto","placeholder_enable":false,"placeholder":"","display":"select","restrictions_type":"any_text","adjust_price":false,"price":"","price_type":"quantity_based","restrictions":false,"min":"0","max":"0","options":[]}],"yoast_head":"<!-- This site is optimized with the Yoast SEO plugin v27.2 - https:\/\/yoast.com\/product\/yoast-seo-wordpress\/ -->\n<title>Schl\u00fcssel zur Deichselverriegelung CES (ALP0001 bis einschlie\u00dflich ALP9999) | Swier IJmuiden<\/title>\n<meta name=\"robots\" content=\"noindex, follow, max-snippet:-1, max-image-preview:large, max-video-preview:-1\" \/>\n<meta property=\"og:locale\" content=\"de_DE\" \/>\n<meta property=\"og:type\" content=\"article\" \/>\n<meta property=\"og:title\" content=\"Schl\u00fcssel zur Deichselverriegelung CES (ALP0001 bis einschlie\u00dflich ALP9999) | Swier IJmuiden\" \/>\n<meta property=\"og:description\" content=\"Bestellen Sie hier Ihre Originalschl\u00fcssel f\u00fcr ein CES-Deichselschloss, das h\u00e4ufig bei Wohnwagen, Anh\u00e4ngern und Radschl\u00f6ssern verwendet wird.  Die Schl\u00fcsselnummer befindet sich auf dem (Original-)Schl\u00fcssel und\/oder auf dem Schloss. Diese Serie reicht von ALP0001 bis einschlie\u00dflich ALP9999.  Lieferzeit +- 5 bis 10 Arbeitstage\" \/>\n<meta property=\"og:url\" content=\"https:\/\/swier.previewvanwebsite.nl\/de\/product\/schlussel-zur-deichselverriegelung-ces-alp0001-bis-einschlieslich-alp9999\/\" \/>\n<meta property=\"og:site_name\" content=\"Swier IJmuiden\" \/>\n<meta property=\"article:modified_time\" content=\"2022-07-22T14:30:33+00:00\" \/>\n<meta property=\"og:image\" content=\"https:\/\/swier.previewvanwebsite.nl\/wp-content\/uploads\/2021\/02\/azz.jpg\" \/>\n\t<meta property=\"og:image:width\" content=\"580\" \/>\n\t<meta property=\"og:image:height\" content=\"872\" \/>\n\t<meta property=\"og:image:type\" content=\"image\/jpeg\" \/>\n<script type=\"application\/ld+json\" class=\"yoast-schema-graph\">{\"@context\":\"https:\/\/schema.org\",\"@graph\":[{\"@type\":\"WebPage\",\"@id\":\"https:\/\/swier.previewvanwebsite.nl\/de\/product\/schlussel-zur-deichselverriegelung-ces-alp0001-bis-einschlieslich-alp9999\/\",\"url\":\"https:\/\/swier.previewvanwebsite.nl\/de\/product\/schlussel-zur-deichselverriegelung-ces-alp0001-bis-einschlieslich-alp9999\/\",\"name\":\"Schl\u00fcssel zur Deichselverriegelung CES (ALP0001 bis einschlie\u00dflich ALP9999) | Swier IJmuiden\",\"isPartOf\":{\"@id\":\"https:\/\/swier.previewvanwebsite.nl\/#website\"},\"primaryImageOfPage\":{\"@id\":\"https:\/\/swier.previewvanwebsite.nl\/de\/product\/schlussel-zur-deichselverriegelung-ces-alp0001-bis-einschlieslich-alp9999\/#primaryimage\"},\"image\":{\"@id\":\"https:\/\/swier.previewvanwebsite.nl\/de\/product\/schlussel-zur-deichselverriegelung-ces-alp0001-bis-einschlieslich-alp9999\/#primaryimage\"},\"thumbnailUrl\":\"https:\/\/swier.previewvanwebsite.nl\/wp-content\/uploads\/2021\/02\/azz.jpg\",\"datePublished\":\"2022-01-11T13:26:32+00:00\",\"dateModified\":\"2022-07-22T14:30:33+00:00\",\"breadcrumb\":{\"@id\":\"https:\/\/swier.previewvanwebsite.nl\/de\/product\/schlussel-zur-deichselverriegelung-ces-alp0001-bis-einschlieslich-alp9999\/#breadcrumb\"},\"inLanguage\":\"de\",\"potentialAction\":[{\"@type\":\"ReadAction\",\"target\":[\"https:\/\/swier.previewvanwebsite.nl\/de\/product\/schlussel-zur-deichselverriegelung-ces-alp0001-bis-einschlieslich-alp9999\/\"]}]},{\"@type\":\"ImageObject\",\"inLanguage\":\"de\",\"@id\":\"https:\/\/swier.previewvanwebsite.nl\/de\/product\/schlussel-zur-deichselverriegelung-ces-alp0001-bis-einschlieslich-alp9999\/#primaryimage\",\"url\":\"https:\/\/swier.previewvanwebsite.nl\/wp-content\/uploads\/2021\/02\/azz.jpg\",\"contentUrl\":\"https:\/\/swier.previewvanwebsite.nl\/wp-content\/uploads\/2021\/02\/azz.jpg\",\"width\":580,\"height\":872},{\"@type\":\"BreadcrumbList\",\"@id\":\"https:\/\/swier.previewvanwebsite.nl\/de\/product\/schlussel-zur-deichselverriegelung-ces-alp0001-bis-einschlieslich-alp9999\/#breadcrumb\",\"itemListElement\":[{\"@type\":\"ListItem\",\"position\":1,\"name\":\"Home\",\"item\":\"https:\/\/swier.previewvanwebsite.nl\/de\/home\/\"},{\"@type\":\"ListItem\",\"position\":2,\"name\":\"Webshop\",\"item\":\"https:\/\/swier.previewvanwebsite.nl\/de\/webshop\/\"},{\"@type\":\"ListItem\",\"position\":3,\"name\":\"Schl\u00fcssel\",\"item\":\"https:\/\/swier.previewvanwebsite.nl\/de\/produkt-kategorie\/schlussel\/\"},{\"@type\":\"ListItem\",\"position\":4,\"name\":\"Schl\u00fcssel zur Deichselverriegelung CES (ALP0001 bis einschlie\u00dflich ALP9999)\"}]},{\"@type\":\"WebSite\",\"@id\":\"https:\/\/swier.previewvanwebsite.nl\/#website\",\"url\":\"https:\/\/swier.previewvanwebsite.nl\/\",\"name\":\"Swier IJmuiden\",\"description\":\"Slotenservice &amp; Sleutelspecialist\",\"publisher\":{\"@id\":\"https:\/\/swier.previewvanwebsite.nl\/#organization\"},\"potentialAction\":[{\"@type\":\"SearchAction\",\"target\":{\"@type\":\"EntryPoint\",\"urlTemplate\":\"https:\/\/swier.previewvanwebsite.nl\/?s={search_term_string}\"},\"query-input\":{\"@type\":\"PropertyValueSpecification\",\"valueRequired\":true,\"valueName\":\"search_term_string\"}}],\"inLanguage\":\"de\"},{\"@type\":\"Organization\",\"@id\":\"https:\/\/swier.previewvanwebsite.nl\/#organization\",\"name\":\"Swier IJmuiden\",\"url\":\"https:\/\/swier.previewvanwebsite.nl\/\",\"logo\":{\"@type\":\"ImageObject\",\"inLanguage\":\"de\",\"@id\":\"https:\/\/swier.previewvanwebsite.nl\/#\/schema\/logo\/image\/\",\"url\":\"https:\/\/swier.previewvanwebsite.nl\/wp-content\/uploads\/2018\/08\/logo-swier-website-220.png\",\"contentUrl\":\"https:\/\/swier.previewvanwebsite.nl\/wp-content\/uploads\/2018\/08\/logo-swier-website-220.png\",\"width\":220,\"height\":148,\"caption\":\"Swier IJmuiden\"},\"image\":{\"@id\":\"https:\/\/swier.previewvanwebsite.nl\/#\/schema\/logo\/image\/\"}}]}<\/script>\n<!-- \/ Yoast SEO plugin. -->","yoast_head_json":{"title":"Schl\u00fcssel zur Deichselverriegelung CES (ALP0001 bis einschlie\u00dflich ALP9999) | Swier IJmuiden","robots":{"index":"noindex","follow":"follow","max-snippet":"max-snippet:-1","max-image-preview":"max-image-preview:large","max-video-preview":"max-video-preview:-1"},"og_locale":"de_DE","og_type":"article","og_title":"Schl\u00fcssel zur Deichselverriegelung CES (ALP0001 bis einschlie\u00dflich ALP9999) | Swier IJmuiden","og_description":"Bestellen Sie hier Ihre Originalschl\u00fcssel f\u00fcr ein CES-Deichselschloss, das h\u00e4ufig bei Wohnwagen, Anh\u00e4ngern und Radschl\u00f6ssern verwendet wird.  Die Schl\u00fcsselnummer befindet sich auf dem (Original-)Schl\u00fcssel und\/oder auf dem Schloss. Diese Serie reicht von ALP0001 bis einschlie\u00dflich ALP9999.  Lieferzeit +- 5 bis 10 Arbeitstage","og_url":"https:\/\/swier.previewvanwebsite.nl\/de\/product\/schlussel-zur-deichselverriegelung-ces-alp0001-bis-einschlieslich-alp9999\/","og_site_name":"Swier IJmuiden","article_modified_time":"2022-07-22T14:30:33+00:00","og_image":[{"width":580,"height":872,"url":"https:\/\/swier.previewvanwebsite.nl\/wp-content\/uploads\/2021\/02\/azz.jpg","type":"image\/jpeg"}],"schema":{"@context":"https:\/\/schema.org","@graph":[{"@type":"WebPage","@id":"https:\/\/swier.previewvanwebsite.nl\/de\/product\/schlussel-zur-deichselverriegelung-ces-alp0001-bis-einschlieslich-alp9999\/","url":"https:\/\/swier.previewvanwebsite.nl\/de\/product\/schlussel-zur-deichselverriegelung-ces-alp0001-bis-einschlieslich-alp9999\/","name":"Schl\u00fcssel zur Deichselverriegelung CES (ALP0001 bis einschlie\u00dflich ALP9999) | Swier IJmuiden","isPartOf":{"@id":"https:\/\/swier.previewvanwebsite.nl\/#website"},"primaryImageOfPage":{"@id":"https:\/\/swier.previewvanwebsite.nl\/de\/product\/schlussel-zur-deichselverriegelung-ces-alp0001-bis-einschlieslich-alp9999\/#primaryimage"},"image":{"@id":"https:\/\/swier.previewvanwebsite.nl\/de\/product\/schlussel-zur-deichselverriegelung-ces-alp0001-bis-einschlieslich-alp9999\/#primaryimage"},"thumbnailUrl":"https:\/\/swier.previewvanwebsite.nl\/wp-content\/uploads\/2021\/02\/azz.jpg","datePublished":"2022-01-11T13:26:32+00:00","dateModified":"2022-07-22T14:30:33+00:00","breadcrumb":{"@id":"https:\/\/swier.previewvanwebsite.nl\/de\/product\/schlussel-zur-deichselverriegelung-ces-alp0001-bis-einschlieslich-alp9999\/#breadcrumb"},"inLanguage":"de","potentialAction":[{"@type":"ReadAction","target":["https:\/\/swier.previewvanwebsite.nl\/de\/product\/schlussel-zur-deichselverriegelung-ces-alp0001-bis-einschlieslich-alp9999\/"]}]},{"@type":"ImageObject","inLanguage":"de","@id":"https:\/\/swier.previewvanwebsite.nl\/de\/product\/schlussel-zur-deichselverriegelung-ces-alp0001-bis-einschlieslich-alp9999\/#primaryimage","url":"https:\/\/swier.previewvanwebsite.nl\/wp-content\/uploads\/2021\/02\/azz.jpg","contentUrl":"https:\/\/swier.previewvanwebsite.nl\/wp-content\/uploads\/2021\/02\/azz.jpg","width":580,"height":872},{"@type":"BreadcrumbList","@id":"https:\/\/swier.previewvanwebsite.nl\/de\/product\/schlussel-zur-deichselverriegelung-ces-alp0001-bis-einschlieslich-alp9999\/#breadcrumb","itemListElement":[{"@type":"ListItem","position":1,"name":"Home","item":"https:\/\/swier.previewvanwebsite.nl\/de\/home\/"},{"@type":"ListItem","position":2,"name":"Webshop","item":"https:\/\/swier.previewvanwebsite.nl\/de\/webshop\/"},{"@type":"ListItem","position":3,"name":"Schl\u00fcssel","item":"https:\/\/swier.previewvanwebsite.nl\/de\/produkt-kategorie\/schlussel\/"},{"@type":"ListItem","position":4,"name":"Schl\u00fcssel zur Deichselverriegelung CES (ALP0001 bis einschlie\u00dflich ALP9999)"}]},{"@type":"WebSite","@id":"https:\/\/swier.previewvanwebsite.nl\/#website","url":"https:\/\/swier.previewvanwebsite.nl\/","name":"Swier IJmuiden","description":"Slotenservice &amp; Sleutelspecialist","publisher":{"@id":"https:\/\/swier.previewvanwebsite.nl\/#organization"},"potentialAction":[{"@type":"SearchAction","target":{"@type":"EntryPoint","urlTemplate":"https:\/\/swier.previewvanwebsite.nl\/?s={search_term_string}"},"query-input":{"@type":"PropertyValueSpecification","valueRequired":true,"valueName":"search_term_string"}}],"inLanguage":"de"},{"@type":"Organization","@id":"https:\/\/swier.previewvanwebsite.nl\/#organization","name":"Swier IJmuiden","url":"https:\/\/swier.previewvanwebsite.nl\/","logo":{"@type":"ImageObject","inLanguage":"de","@id":"https:\/\/swier.previewvanwebsite.nl\/#\/schema\/logo\/image\/","url":"https:\/\/swier.previewvanwebsite.nl\/wp-content\/uploads\/2018\/08\/logo-swier-website-220.png","contentUrl":"https:\/\/swier.previewvanwebsite.nl\/wp-content\/uploads\/2018\/08\/logo-swier-website-220.png","width":220,"height":148,"caption":"Swier IJmuiden"},"image":{"@id":"https:\/\/swier.previewvanwebsite.nl\/#\/schema\/logo\/image\/"}}]}},"_links":{"self":[{"href":"https:\/\/swier.previewvanwebsite.nl\/de\/wp-json\/wp\/v2\/product\/40967","targetHints":{"allow":["GET"]}}],"collection":[{"href":"https:\/\/swier.previewvanwebsite.nl\/de\/wp-json\/wp\/v2\/product"}],"about":[{"href":"https:\/\/swier.previewvanwebsite.nl\/de\/wp-json\/wp\/v2\/types\/product"}],"replies":[{"embeddable":true,"href":"https:\/\/swier.previewvanwebsite.nl\/de\/wp-json\/wp\/v2\/comments?post=40967"}],"wp:featuredmedia":[{"embeddable":true,"href":"https:\/\/swier.previewvanwebsite.nl\/de\/wp-json\/wp\/v2\/media\/40479"}],"wp:attachment":[{"href":"https:\/\/swier.previewvanwebsite.nl\/de\/wp-json\/wp\/v2\/media?parent=40967"}],"wp:term":[{"taxonomy":"product_brand","embeddable":true,"href":"https:\/\/swier.previewvanwebsite.nl\/de\/wp-json\/wp\/v2\/product_brand?post=40967"},{"taxonomy":"product_cat","embeddable":true,"href":"https:\/\/swier.previewvanwebsite.nl\/de\/wp-json\/wp\/v2\/product_cat?post=40967"},{"taxonomy":"product_tag","embeddable":true,"href":"https:\/\/swier.previewvanwebsite.nl\/de\/wp-json\/wp\/v2\/product_tag?post=40967"}],"curies":[{"name":"wp","href":"https:\/\/api.w.org\/{rel}","templated":true}]}}