{"id":40969,"date":"2021-09-04T11:11:39","date_gmt":"2022-01-11T13:34:29","guid":{"rendered":"https:\/\/swier.previewvanwebsite.nl\/product\/wohnwagen-wohnmobilschlussel-zr001-bis-einschlieslich-zr999\/"},"modified":"2022-07-22T16:31:38","modified_gmt":"2022-07-22T14:31:38","slug":"wohnwagen-wohnmobilschlussel-zr001-bis-einschlieslich-zr999","status":"publish","type":"product","link":"https:\/\/swier.previewvanwebsite.nl\/de\/produkt\/wohnwagen-wohnmobilschlussel-zr001-bis-einschlieslich-zr999\/","title":{"rendered":"Wohnwagen-\/Wohnmobilschl\u00fcssel (ZR001 bis einschlie\u00dflich ZR999)"},"content":{"rendered":"<p>Die Schl\u00fcsselnummer befindet sich auf dem Schloss oder auf dem Schl\u00fcssel selbst. Tragen Sie die vollst\u00e4ndige Nummer ein, die darauf steht. Diese Schl\u00fcsselnummern reichen von ZR001 bis einschlie\u00dflich ZR999.<\/p>\n","protected":false},"excerpt":{"rendered":"<p><span style=\"color: #ff0000;\">Leider haben wir nicht alle Schl\u00fcsselnummern auf Lager. Ist Ihre Schl\u00fcsselnummer nicht aufgef\u00fchrt? Dann brauchen wir ein Bild des Schl\u00fcssels, damit wir ihn anfertigen k\u00f6nnen.<\/span><\/p>\n<p>Wir haben die folgenden Schl\u00fcsselnummern auf Lager:<\/p>\n<p>ZR003<br \/>\nZR014<br \/>\nZR024<br \/>\nZR025<br \/>\nZR034<br \/>\nZR043<br \/>\nZR049<\/p>\n<p>Die Schl\u00fcsselnummer befindet sich auf dem Schloss oder auf dem Schl\u00fcssel selbst. Tragen Sie die vollst\u00e4ndige Nummer ein, die darauf steht. Diese Schl\u00fcsselnummern reichen von ZR001 bis einschlie\u00dflich ZR999.<\/p>\n","protected":false},"featured_media":40970,"comment_status":"closed","ping_status":"closed","template":"","meta":{"site-sidebar-layout":"default","site-content-layout":"","ast-site-content-layout":"default","site-content-style":"default","site-sidebar-style":"default","ast-global-header-display":"","ast-banner-title-visibility":"","ast-main-header-display":"","ast-hfb-above-header-display":"","ast-hfb-below-header-display":"","ast-hfb-mobile-header-display":"","site-post-title":"","ast-breadcrumbs-content":"","ast-featured-img":"","footer-sml-layout":"","ast-disable-related-posts":"","theme-transparent-header-meta":"","adv-header-id-meta":"","stick-header-meta":"","header-above-stick-meta":"","header-main-stick-meta":"","header-below-stick-meta":"","astra-migrate-meta-layouts":"default","ast-page-background-enabled":"default","ast-page-background-meta":{"desktop":{"background-color":"var(--ast-global-color-4)","background-image":"","background-repeat":"repeat","background-position":"center center","background-size":"auto","background-attachment":"scroll","background-type":"","background-media":"","overlay-type":"","overlay-color":"","overlay-opacity":"","overlay-gradient":""},"tablet":{"background-color":"","background-image":"","background-repeat":"repeat","background-position":"center center","background-size":"auto","background-attachment":"scroll","background-type":"","background-media":"","overlay-type":"","overlay-color":"","overlay-opacity":"","overlay-gradient":""},"mobile":{"background-color":"","background-image":"","background-repeat":"repeat","background-position":"center center","background-size":"auto","background-attachment":"scroll","background-type":"","background-media":"","overlay-type":"","overlay-color":"","overlay-opacity":"","overlay-gradient":""}},"ast-content-background-meta":{"desktop":{"background-color":"var(--ast-global-color-5)","background-image":"","background-repeat":"repeat","background-position":"center center","background-size":"auto","background-attachment":"scroll","background-type":"","background-media":"","overlay-type":"","overlay-color":"","overlay-opacity":"","overlay-gradient":""},"tablet":{"background-color":"var(--ast-global-color-5)","background-image":"","background-repeat":"repeat","background-position":"center center","background-size":"auto","background-attachment":"scroll","background-type":"","background-media":"","overlay-type":"","overlay-color":"","overlay-opacity":"","overlay-gradient":""},"mobile":{"background-color":"var(--ast-global-color-5)","background-image":"","background-repeat":"repeat","background-position":"center center","background-size":"auto","background-attachment":"scroll","background-type":"","background-media":"","overlay-type":"","overlay-color":"","overlay-opacity":"","overlay-gradient":""}}},"product_brand":[],"product_cat":[766,767],"product_tag":[],"class_list":{"0":"post-40969","1":"product","2":"type-product","3":"status-publish","4":"has-post-thumbnail","6":"product_cat-schlussel","7":"product_cat-wohnwagen-wohnmobilschlussel","8":"product_shipping_class-briefkastenpaket","9":"desktop-align-left","10":"tablet-align-left","11":"mobile-align-left","12":"ast-product-gallery-layout-horizontal-slider","13":"ast-magnify-disabled","14":"ast-product-tabs-layout-distributed","16":"first","17":"instock","18":"taxable","19":"shipping-taxable","20":"purchasable","21":"product-type-simple"},"exclude_global_add_ons":false,"addons":[{"name":"Sleutelnummer","type":"multiple_choice","position":0,"required":false,"title_format":"label","default":"","description_enable":false,"description":"","placeholder_enable":false,"placeholder":"","display":"select","restrictions_type":"any_text","adjust_price":false,"price":"","price_type":"flat_fee","restrictions":false,"min":"0","max":"0","options":[{"label":"ZR003","price":"","price_type":"flat_fee","image":0,"visibility":true},{"label":"ZR014","price":"","price_type":"flat_fee","image":0,"visibility":true},{"label":"ZR024","price":"","price_type":"flat_fee","image":0,"visibility":true},{"label":"ZR025","price":"","price_type":"flat_fee","image":0,"visibility":true},{"label":"ZR034","price":"","price_type":"flat_fee","image":0,"visibility":true},{"label":"ZR043","price":"","price_type":"flat_fee","image":0,"visibility":true},{"label":"ZR049","price":"","price_type":"flat_fee","image":0,"visibility":true},{"label":"Anders, zie veld hieronder","price":"","price_type":"flat_fee","image":0,"visibility":true}]},{"name":"Ik voeg een foto toe, mijn sleutelnummer is...","type":"custom_text","position":1,"required":false,"title_format":"label","default":"","description_enable":false,"description":"","placeholder_enable":false,"placeholder":"","display":"select","restrictions_type":"any_text","adjust_price":false,"price":"","price_type":"flat_fee","restrictions":false,"min":"0","max":"0","options":[]},{"name":"Upload hier een foto van uw sleutel","type":"heading","position":0,"required":false,"title_format":"label","default":"","description_enable":true,"description":"Graag een duidelijke foto van de gehele sleutel van bovenaf, zodat de insnijdingen goed te zien zijn.\r\nDit vragen wij om er zeker van te zijn dat wij de juiste sleutel leveren. Heeft u geen sleutel meer, dan kunt u dit veld leeg laten.","placeholder_enable":false,"placeholder":"","display":"select","restrictions_type":"any_text","adjust_price":false,"price":"","price_type":"flat_fee","restrictions":false,"min":"0","max":"0","options":[]},{"name":"Upload hier een foto van uw sleutel","type":"file_upload","position":1,"required":false,"title_format":"hide","default":"","description_enable":false,"description":"","placeholder_enable":false,"placeholder":"","display":"select","restrictions_type":"any_text","adjust_price":false,"price":"","price_type":"quantity_based","restrictions":false,"min":"0","max":"0","options":[]},{"name":"Upload hier een foto van uw sleutel","type":"file_upload","position":2,"required":false,"title_format":"hide","default":"","description_enable":true,"description":"Optionele tweede foto","placeholder_enable":false,"placeholder":"","display":"select","restrictions_type":"any_text","adjust_price":false,"price":"","price_type":"quantity_based","restrictions":false,"min":"0","max":"0","options":[]}],"yoast_head":"<!-- This site is optimized with the Yoast SEO plugin v27.2 - https:\/\/yoast.com\/product\/yoast-seo-wordpress\/ -->\n<title>Wohnwagen-\/Wohnmobilschl\u00fcssel (ZR001 bis einschlie\u00dflich ZR999) | Swier IJmuiden<\/title>\n<meta name=\"robots\" content=\"noindex, follow, max-snippet:-1, max-image-preview:large, max-video-preview:-1\" \/>\n<meta property=\"og:locale\" content=\"de_DE\" \/>\n<meta property=\"og:type\" content=\"article\" \/>\n<meta property=\"og:title\" content=\"Wohnwagen-\/Wohnmobilschl\u00fcssel (ZR001 bis einschlie\u00dflich ZR999) | Swier IJmuiden\" \/>\n<meta property=\"og:description\" content=\"Leider haben wir nicht alle Schl\u00fcsselnummern auf Lager. Ist Ihre Schl\u00fcsselnummer nicht aufgef\u00fchrt? Dann brauchen wir ein Bild des Schl\u00fcssels, damit wir ihn anfertigen k\u00f6nnen.  Wir haben die folgenden Schl\u00fcsselnummern auf Lager:  ZR003 ZR014 ZR024 ZR025 ZR034 ZR043 ZR049  Die Schl\u00fcsselnummer befindet sich auf dem Schloss oder auf dem Schl\u00fcssel selbst. Tragen Sie die vollst\u00e4ndige Nummer ein, die darauf steht. Diese Schl\u00fcsselnummern reichen von ZR001 bis einschlie\u00dflich ZR999.\" \/>\n<meta property=\"og:url\" content=\"https:\/\/swier.previewvanwebsite.nl\/de\/product\/wohnwagen-wohnmobilschlussel-zr001-bis-einschlieslich-zr999\/\" \/>\n<meta property=\"og:site_name\" content=\"Swier IJmuiden\" \/>\n<meta property=\"article:modified_time\" content=\"2022-07-22T14:31:38+00:00\" \/>\n<meta property=\"og:image\" content=\"https:\/\/swier.previewvanwebsite.nl\/wp-content\/uploads\/2018\/10\/ZD10-2001-3554-510x680.jpg\" \/>\n\t<meta property=\"og:image:width\" content=\"510\" \/>\n\t<meta property=\"og:image:height\" content=\"769\" \/>\n\t<meta property=\"og:image:type\" content=\"image\/jpeg\" \/>\n<script type=\"application\/ld+json\" class=\"yoast-schema-graph\">{\"@context\":\"https:\/\/schema.org\",\"@graph\":[{\"@type\":\"WebPage\",\"@id\":\"https:\/\/swier.previewvanwebsite.nl\/de\/product\/wohnwagen-wohnmobilschlussel-zr001-bis-einschlieslich-zr999\/\",\"url\":\"https:\/\/swier.previewvanwebsite.nl\/de\/product\/wohnwagen-wohnmobilschlussel-zr001-bis-einschlieslich-zr999\/\",\"name\":\"Wohnwagen-\/Wohnmobilschl\u00fcssel (ZR001 bis einschlie\u00dflich ZR999) | Swier IJmuiden\",\"isPartOf\":{\"@id\":\"https:\/\/swier.previewvanwebsite.nl\/#website\"},\"primaryImageOfPage\":{\"@id\":\"https:\/\/swier.previewvanwebsite.nl\/de\/product\/wohnwagen-wohnmobilschlussel-zr001-bis-einschlieslich-zr999\/#primaryimage\"},\"image\":{\"@id\":\"https:\/\/swier.previewvanwebsite.nl\/de\/product\/wohnwagen-wohnmobilschlussel-zr001-bis-einschlieslich-zr999\/#primaryimage\"},\"thumbnailUrl\":\"https:\/\/swier.previewvanwebsite.nl\/wp-content\/uploads\/2018\/10\/ZD10-2001-3554-510x680.jpg\",\"datePublished\":\"2022-01-11T13:34:29+00:00\",\"dateModified\":\"2022-07-22T14:31:38+00:00\",\"breadcrumb\":{\"@id\":\"https:\/\/swier.previewvanwebsite.nl\/de\/product\/wohnwagen-wohnmobilschlussel-zr001-bis-einschlieslich-zr999\/#breadcrumb\"},\"inLanguage\":\"de\",\"potentialAction\":[{\"@type\":\"ReadAction\",\"target\":[\"https:\/\/swier.previewvanwebsite.nl\/de\/product\/wohnwagen-wohnmobilschlussel-zr001-bis-einschlieslich-zr999\/\"]}]},{\"@type\":\"ImageObject\",\"inLanguage\":\"de\",\"@id\":\"https:\/\/swier.previewvanwebsite.nl\/de\/product\/wohnwagen-wohnmobilschlussel-zr001-bis-einschlieslich-zr999\/#primaryimage\",\"url\":\"https:\/\/swier.previewvanwebsite.nl\/wp-content\/uploads\/2018\/10\/ZD10-2001-3554-510x680.jpg\",\"contentUrl\":\"https:\/\/swier.previewvanwebsite.nl\/wp-content\/uploads\/2018\/10\/ZD10-2001-3554-510x680.jpg\",\"width\":510,\"height\":769},{\"@type\":\"BreadcrumbList\",\"@id\":\"https:\/\/swier.previewvanwebsite.nl\/de\/product\/wohnwagen-wohnmobilschlussel-zr001-bis-einschlieslich-zr999\/#breadcrumb\",\"itemListElement\":[{\"@type\":\"ListItem\",\"position\":1,\"name\":\"Home\",\"item\":\"https:\/\/swier.previewvanwebsite.nl\/de\/home\/\"},{\"@type\":\"ListItem\",\"position\":2,\"name\":\"Webshop\",\"item\":\"https:\/\/swier.previewvanwebsite.nl\/de\/webshop\/\"},{\"@type\":\"ListItem\",\"position\":3,\"name\":\"Schl\u00fcssel\",\"item\":\"https:\/\/swier.previewvanwebsite.nl\/de\/produkt-kategorie\/schlussel\/\"},{\"@type\":\"ListItem\",\"position\":4,\"name\":\"Wohnwagen-\/Wohnmobilschl\u00fcssel (ZR001 bis einschlie\u00dflich ZR999)\"}]},{\"@type\":\"WebSite\",\"@id\":\"https:\/\/swier.previewvanwebsite.nl\/#website\",\"url\":\"https:\/\/swier.previewvanwebsite.nl\/\",\"name\":\"Swier IJmuiden\",\"description\":\"Slotenservice &amp; Sleutelspecialist\",\"publisher\":{\"@id\":\"https:\/\/swier.previewvanwebsite.nl\/#organization\"},\"potentialAction\":[{\"@type\":\"SearchAction\",\"target\":{\"@type\":\"EntryPoint\",\"urlTemplate\":\"https:\/\/swier.previewvanwebsite.nl\/?s={search_term_string}\"},\"query-input\":{\"@type\":\"PropertyValueSpecification\",\"valueRequired\":true,\"valueName\":\"search_term_string\"}}],\"inLanguage\":\"de\"},{\"@type\":\"Organization\",\"@id\":\"https:\/\/swier.previewvanwebsite.nl\/#organization\",\"name\":\"Swier IJmuiden\",\"url\":\"https:\/\/swier.previewvanwebsite.nl\/\",\"logo\":{\"@type\":\"ImageObject\",\"inLanguage\":\"de\",\"@id\":\"https:\/\/swier.previewvanwebsite.nl\/#\/schema\/logo\/image\/\",\"url\":\"https:\/\/swier.previewvanwebsite.nl\/wp-content\/uploads\/2018\/08\/logo-swier-website-220.png\",\"contentUrl\":\"https:\/\/swier.previewvanwebsite.nl\/wp-content\/uploads\/2018\/08\/logo-swier-website-220.png\",\"width\":220,\"height\":148,\"caption\":\"Swier IJmuiden\"},\"image\":{\"@id\":\"https:\/\/swier.previewvanwebsite.nl\/#\/schema\/logo\/image\/\"}}]}<\/script>\n<!-- \/ Yoast SEO plugin. -->","yoast_head_json":{"title":"Wohnwagen-\/Wohnmobilschl\u00fcssel (ZR001 bis einschlie\u00dflich ZR999) | Swier IJmuiden","robots":{"index":"noindex","follow":"follow","max-snippet":"max-snippet:-1","max-image-preview":"max-image-preview:large","max-video-preview":"max-video-preview:-1"},"og_locale":"de_DE","og_type":"article","og_title":"Wohnwagen-\/Wohnmobilschl\u00fcssel (ZR001 bis einschlie\u00dflich ZR999) | Swier IJmuiden","og_description":"Leider haben wir nicht alle Schl\u00fcsselnummern auf Lager. Ist Ihre Schl\u00fcsselnummer nicht aufgef\u00fchrt? Dann brauchen wir ein Bild des Schl\u00fcssels, damit wir ihn anfertigen k\u00f6nnen.  Wir haben die folgenden Schl\u00fcsselnummern auf Lager:  ZR003 ZR014 ZR024 ZR025 ZR034 ZR043 ZR049  Die Schl\u00fcsselnummer befindet sich auf dem Schloss oder auf dem Schl\u00fcssel selbst. Tragen Sie die vollst\u00e4ndige Nummer ein, die darauf steht. Diese Schl\u00fcsselnummern reichen von ZR001 bis einschlie\u00dflich ZR999.","og_url":"https:\/\/swier.previewvanwebsite.nl\/de\/product\/wohnwagen-wohnmobilschlussel-zr001-bis-einschlieslich-zr999\/","og_site_name":"Swier IJmuiden","article_modified_time":"2022-07-22T14:31:38+00:00","og_image":[{"width":510,"height":769,"url":"https:\/\/swier.previewvanwebsite.nl\/wp-content\/uploads\/2018\/10\/ZD10-2001-3554-510x680.jpg","type":"image\/jpeg"}],"schema":{"@context":"https:\/\/schema.org","@graph":[{"@type":"WebPage","@id":"https:\/\/swier.previewvanwebsite.nl\/de\/product\/wohnwagen-wohnmobilschlussel-zr001-bis-einschlieslich-zr999\/","url":"https:\/\/swier.previewvanwebsite.nl\/de\/product\/wohnwagen-wohnmobilschlussel-zr001-bis-einschlieslich-zr999\/","name":"Wohnwagen-\/Wohnmobilschl\u00fcssel (ZR001 bis einschlie\u00dflich ZR999) | Swier IJmuiden","isPartOf":{"@id":"https:\/\/swier.previewvanwebsite.nl\/#website"},"primaryImageOfPage":{"@id":"https:\/\/swier.previewvanwebsite.nl\/de\/product\/wohnwagen-wohnmobilschlussel-zr001-bis-einschlieslich-zr999\/#primaryimage"},"image":{"@id":"https:\/\/swier.previewvanwebsite.nl\/de\/product\/wohnwagen-wohnmobilschlussel-zr001-bis-einschlieslich-zr999\/#primaryimage"},"thumbnailUrl":"https:\/\/swier.previewvanwebsite.nl\/wp-content\/uploads\/2018\/10\/ZD10-2001-3554-510x680.jpg","datePublished":"2022-01-11T13:34:29+00:00","dateModified":"2022-07-22T14:31:38+00:00","breadcrumb":{"@id":"https:\/\/swier.previewvanwebsite.nl\/de\/product\/wohnwagen-wohnmobilschlussel-zr001-bis-einschlieslich-zr999\/#breadcrumb"},"inLanguage":"de","potentialAction":[{"@type":"ReadAction","target":["https:\/\/swier.previewvanwebsite.nl\/de\/product\/wohnwagen-wohnmobilschlussel-zr001-bis-einschlieslich-zr999\/"]}]},{"@type":"ImageObject","inLanguage":"de","@id":"https:\/\/swier.previewvanwebsite.nl\/de\/product\/wohnwagen-wohnmobilschlussel-zr001-bis-einschlieslich-zr999\/#primaryimage","url":"https:\/\/swier.previewvanwebsite.nl\/wp-content\/uploads\/2018\/10\/ZD10-2001-3554-510x680.jpg","contentUrl":"https:\/\/swier.previewvanwebsite.nl\/wp-content\/uploads\/2018\/10\/ZD10-2001-3554-510x680.jpg","width":510,"height":769},{"@type":"BreadcrumbList","@id":"https:\/\/swier.previewvanwebsite.nl\/de\/product\/wohnwagen-wohnmobilschlussel-zr001-bis-einschlieslich-zr999\/#breadcrumb","itemListElement":[{"@type":"ListItem","position":1,"name":"Home","item":"https:\/\/swier.previewvanwebsite.nl\/de\/home\/"},{"@type":"ListItem","position":2,"name":"Webshop","item":"https:\/\/swier.previewvanwebsite.nl\/de\/webshop\/"},{"@type":"ListItem","position":3,"name":"Schl\u00fcssel","item":"https:\/\/swier.previewvanwebsite.nl\/de\/produkt-kategorie\/schlussel\/"},{"@type":"ListItem","position":4,"name":"Wohnwagen-\/Wohnmobilschl\u00fcssel (ZR001 bis einschlie\u00dflich ZR999)"}]},{"@type":"WebSite","@id":"https:\/\/swier.previewvanwebsite.nl\/#website","url":"https:\/\/swier.previewvanwebsite.nl\/","name":"Swier IJmuiden","description":"Slotenservice &amp; Sleutelspecialist","publisher":{"@id":"https:\/\/swier.previewvanwebsite.nl\/#organization"},"potentialAction":[{"@type":"SearchAction","target":{"@type":"EntryPoint","urlTemplate":"https:\/\/swier.previewvanwebsite.nl\/?s={search_term_string}"},"query-input":{"@type":"PropertyValueSpecification","valueRequired":true,"valueName":"search_term_string"}}],"inLanguage":"de"},{"@type":"Organization","@id":"https:\/\/swier.previewvanwebsite.nl\/#organization","name":"Swier IJmuiden","url":"https:\/\/swier.previewvanwebsite.nl\/","logo":{"@type":"ImageObject","inLanguage":"de","@id":"https:\/\/swier.previewvanwebsite.nl\/#\/schema\/logo\/image\/","url":"https:\/\/swier.previewvanwebsite.nl\/wp-content\/uploads\/2018\/08\/logo-swier-website-220.png","contentUrl":"https:\/\/swier.previewvanwebsite.nl\/wp-content\/uploads\/2018\/08\/logo-swier-website-220.png","width":220,"height":148,"caption":"Swier IJmuiden"},"image":{"@id":"https:\/\/swier.previewvanwebsite.nl\/#\/schema\/logo\/image\/"}}]}},"_links":{"self":[{"href":"https:\/\/swier.previewvanwebsite.nl\/de\/wp-json\/wp\/v2\/product\/40969","targetHints":{"allow":["GET"]}}],"collection":[{"href":"https:\/\/swier.previewvanwebsite.nl\/de\/wp-json\/wp\/v2\/product"}],"about":[{"href":"https:\/\/swier.previewvanwebsite.nl\/de\/wp-json\/wp\/v2\/types\/product"}],"replies":[{"embeddable":true,"href":"https:\/\/swier.previewvanwebsite.nl\/de\/wp-json\/wp\/v2\/comments?post=40969"}],"wp:featuredmedia":[{"embeddable":true,"href":"https:\/\/swier.previewvanwebsite.nl\/de\/wp-json\/wp\/v2\/media\/40970"}],"wp:attachment":[{"href":"https:\/\/swier.previewvanwebsite.nl\/de\/wp-json\/wp\/v2\/media?parent=40969"}],"wp:term":[{"taxonomy":"product_brand","embeddable":true,"href":"https:\/\/swier.previewvanwebsite.nl\/de\/wp-json\/wp\/v2\/product_brand?post=40969"},{"taxonomy":"product_cat","embeddable":true,"href":"https:\/\/swier.previewvanwebsite.nl\/de\/wp-json\/wp\/v2\/product_cat?post=40969"},{"taxonomy":"product_tag","embeddable":true,"href":"https:\/\/swier.previewvanwebsite.nl\/de\/wp-json\/wp\/v2\/product_tag?post=40969"}],"curies":[{"name":"wp","href":"https:\/\/api.w.org\/{rel}","templated":true}]}}