{"id":41184,"date":"2021-04-20T15:29:55","date_gmt":"2022-01-12T10:56:17","guid":{"rendered":"https:\/\/swier.previewvanwebsite.nl\/product\/wohnwagenschlussel-f4009-bis-einschlieslich-f4468\/"},"modified":"2022-07-22T16:33:15","modified_gmt":"2022-07-22T14:33:15","slug":"wohnwagenschlussel-f4009-bis-einschlieslich-f4468","status":"publish","type":"product","link":"https:\/\/swier.previewvanwebsite.nl\/de\/produkt\/wohnwagenschlussel-f4009-bis-einschlieslich-f4468\/","title":{"rendered":"Wohnwagenschl\u00fcssel (F4007 t\/m F8018)"},"content":{"rendered":"<p><strong>Verf\u00fcgbare Schl\u00fcsselnummern<\/strong><\/p>\n<p>F4007, F4009, F4012, F4014, F4015, F4017, F4018, F4019, F4020, F4103, F4152, F4153, F4154, F4155, F4156, F4157, F4158, F4159, F4160, F4161, F4163, F4164, F4165, F4166, F4167, F4168, F4169, F4170, F4171, F4172, F4174, F4175, F4176, F4177, F4178, F4179, F4180, F4182, F4183, F4184, F4185, F4186, F4187, F4188, F4189, F4190, F4191, F4192, F4193, F4194, F4195, F4196, F4197, F4198, F4199, F4200, F4203, F4214, F217, F4225, F4236, F4249, F4250, F4251, F4252, F4253, F4255, F4256, F4257, F4258, F4269, F4270, F4351, F4352, F4450, F4462, F4468, F5001, F8001, F8005, F8018<\/p>\n","protected":false},"excerpt":{"rendered":"<p>Die Schl\u00fcsselnummer befindet sich auf dem Schloss oder auf dem Schl\u00fcssel selbst. Tragen Sie die vollst\u00e4ndige Nummer ein, die darauf steht. Diese Schl\u00fcsselnummern reichen von F4009 bis einschlie\u00dflich F4468.<\/p>\n<p><strong>LEIDER SIND NICHT ALLE SCHL\u00dcSSELNUMMERN F\u00dcR DIESE SCHL\u00dcSSEL VERF\u00dcGBAR. SEHEN SIE IN DER NACHSTEHENDEN LISTE NACH, OB IHRE SCHL\u00dcSSELNUMMER ENTHALTEN IST.<\/strong><\/p>\n<p><strong>Wenn Sie noch einen Schl\u00fcssel haben, k\u00f6nnen Sie ein Foto hochladen und wir werden einen Schl\u00fcssel auf der Grundlage des Fotos anfertigen.<\/strong><\/p>\n","protected":false},"featured_media":41186,"comment_status":"closed","ping_status":"closed","template":"","meta":{"site-sidebar-layout":"default","site-content-layout":"","ast-site-content-layout":"default","site-content-style":"default","site-sidebar-style":"default","ast-global-header-display":"","ast-banner-title-visibility":"","ast-main-header-display":"","ast-hfb-above-header-display":"","ast-hfb-below-header-display":"","ast-hfb-mobile-header-display":"","site-post-title":"","ast-breadcrumbs-content":"","ast-featured-img":"","footer-sml-layout":"","ast-disable-related-posts":"","theme-transparent-header-meta":"","adv-header-id-meta":"","stick-header-meta":"","header-above-stick-meta":"","header-main-stick-meta":"","header-below-stick-meta":"","astra-migrate-meta-layouts":"default","ast-page-background-enabled":"default","ast-page-background-meta":{"desktop":{"background-color":"var(--ast-global-color-4)","background-image":"","background-repeat":"repeat","background-position":"center center","background-size":"auto","background-attachment":"scroll","background-type":"","background-media":"","overlay-type":"","overlay-color":"","overlay-opacity":"","overlay-gradient":""},"tablet":{"background-color":"","background-image":"","background-repeat":"repeat","background-position":"center center","background-size":"auto","background-attachment":"scroll","background-type":"","background-media":"","overlay-type":"","overlay-color":"","overlay-opacity":"","overlay-gradient":""},"mobile":{"background-color":"","background-image":"","background-repeat":"repeat","background-position":"center center","background-size":"auto","background-attachment":"scroll","background-type":"","background-media":"","overlay-type":"","overlay-color":"","overlay-opacity":"","overlay-gradient":""}},"ast-content-background-meta":{"desktop":{"background-color":"var(--ast-global-color-5)","background-image":"","background-repeat":"repeat","background-position":"center center","background-size":"auto","background-attachment":"scroll","background-type":"","background-media":"","overlay-type":"","overlay-color":"","overlay-opacity":"","overlay-gradient":""},"tablet":{"background-color":"var(--ast-global-color-5)","background-image":"","background-repeat":"repeat","background-position":"center center","background-size":"auto","background-attachment":"scroll","background-type":"","background-media":"","overlay-type":"","overlay-color":"","overlay-opacity":"","overlay-gradient":""},"mobile":{"background-color":"var(--ast-global-color-5)","background-image":"","background-repeat":"repeat","background-position":"center center","background-size":"auto","background-attachment":"scroll","background-type":"","background-media":"","overlay-type":"","overlay-color":"","overlay-opacity":"","overlay-gradient":""}}},"product_brand":[],"product_cat":[766,767],"product_tag":[],"class_list":{"0":"post-41184","1":"product","2":"type-product","3":"status-publish","4":"has-post-thumbnail","6":"product_cat-schlussel","7":"product_cat-wohnwagen-wohnmobilschlussel","8":"product_shipping_class-briefkastenpaket","9":"desktop-align-left","10":"tablet-align-left","11":"mobile-align-left","12":"ast-product-gallery-layout-horizontal-slider","13":"ast-product-gallery-with-no-image","14":"ast-magnify-disabled","15":"ast-product-tabs-layout-distributed","17":"first","18":"instock","19":"taxable","20":"shipping-taxable","21":"purchasable","22":"product-type-simple"},"exclude_global_add_ons":false,"addons":[{"name":"Sleutelnummer (F4009 t\/m F4468)","type":"multiple_choice","position":0,"required":false,"title_format":"heading","default":"","description_enable":false,"description":"","placeholder_enable":false,"placeholder":"","display":"select","restrictions_type":"any_text","adjust_price":false,"price":"","price_type":"flat_fee","restrictions":false,"min":"0","max":"0","options":[{"label":"Voor sleutel zie foto","price":"","price_type":"flat_fee","image":0,"visibility":true},{"label":"F4009","price":"","price_type":"quantity_based","image":0,"visibility":true},{"label":"F4012","price":"","price_type":"quantity_based","image":0,"visibility":true},{"label":"F4014","price":"","price_type":"quantity_based","image":0,"visibility":true},{"label":"F4015","price":"","price_type":"quantity_based","image":0,"visibility":true},{"label":"F4103","price":"","price_type":"quantity_based","image":0,"visibility":true},{"label":"F4152","price":"","price_type":"quantity_based","image":0,"visibility":true},{"label":"F4153","price":"","price_type":"quantity_based","image":0,"visibility":true},{"label":"F4154","price":"","price_type":"quantity_based","image":0,"visibility":true},{"label":"F4155","price":"","price_type":"quantity_based","image":0,"visibility":true},{"label":"F4156","price":"","price_type":"quantity_based","image":0,"visibility":true},{"label":"F4157","price":"","price_type":"quantity_based","image":0,"visibility":true},{"label":"F4158","price":"","price_type":"quantity_based","image":0,"visibility":true},{"label":"F4159","price":"","price_type":"quantity_based","image":0,"visibility":true},{"label":"F4160","price":"","price_type":"quantity_based","image":0,"visibility":true},{"label":"F4161","price":"","price_type":"quantity_based","image":0,"visibility":true},{"label":"F4163","price":"","price_type":"quantity_based","image":0,"visibility":true},{"label":"F4164","price":"","price_type":"quantity_based","image":0,"visibility":true},{"label":"F4165","price":"","price_type":"quantity_based","image":0,"visibility":true},{"label":"F4166","price":"","price_type":"quantity_based","image":0,"visibility":true},{"label":"F4167","price":"","price_type":"quantity_based","image":0,"visibility":true},{"label":"F4168","price":"","price_type":"quantity_based","image":0,"visibility":true},{"label":"F4169","price":"","price_type":"quantity_based","image":0,"visibility":true},{"label":"F4170","price":"","price_type":"quantity_based","image":0,"visibility":true},{"label":"F4171","price":"","price_type":"quantity_based","image":0,"visibility":true},{"label":"F4172","price":"","price_type":"quantity_based","image":0,"visibility":true},{"label":"F4174","price":"","price_type":"quantity_based","image":0,"visibility":true},{"label":"F4175","price":"","price_type":"quantity_based","image":0,"visibility":true},{"label":"F4176","price":"","price_type":"quantity_based","image":0,"visibility":true},{"label":"F4177","price":"","price_type":"quantity_based","image":0,"visibility":true},{"label":"F4178","price":"","price_type":"quantity_based","image":0,"visibility":true},{"label":"F4179","price":"","price_type":"quantity_based","image":0,"visibility":true},{"label":"F4180","price":"","price_type":"quantity_based","image":0,"visibility":true},{"label":"F4182","price":"","price_type":"quantity_based","image":0,"visibility":true},{"label":"F4183","price":"","price_type":"quantity_based","image":0,"visibility":true},{"label":"F4184","price":"","price_type":"quantity_based","image":0,"visibility":true},{"label":"F4185","price":"","price_type":"quantity_based","image":0,"visibility":true},{"label":"F4186","price":"","price_type":"quantity_based","image":0,"visibility":true},{"label":"F4187","price":"","price_type":"quantity_based","image":0,"visibility":true},{"label":"F4188","price":"","price_type":"quantity_based","image":0,"visibility":true},{"label":"F4189","price":"","price_type":"quantity_based","image":0,"visibility":true},{"label":"F4190","price":"","price_type":"quantity_based","image":0,"visibility":true},{"label":"F4191","price":"","price_type":"quantity_based","image":0,"visibility":true},{"label":"F4192","price":"","price_type":"quantity_based","image":0,"visibility":true},{"label":"F4193","price":"","price_type":"quantity_based","image":0,"visibility":true},{"label":"F4194","price":"","price_type":"quantity_based","image":0,"visibility":true},{"label":"F4195","price":"","price_type":"quantity_based","image":0,"visibility":true},{"label":"F4196","price":"","price_type":"quantity_based","image":0,"visibility":true},{"label":"F4197","price":"","price_type":"quantity_based","image":0,"visibility":true},{"label":"F4198","price":"","price_type":"quantity_based","image":0,"visibility":true},{"label":"F4199","price":"","price_type":"quantity_based","image":0,"visibility":true},{"label":"F4200","price":"","price_type":"quantity_based","image":0,"visibility":true},{"label":"F4203","price":"","price_type":"quantity_based","image":0,"visibility":true},{"label":"F4214","price":"","price_type":"quantity_based","image":0,"visibility":true},{"label":"F4217","price":"","price_type":"quantity_based","image":0,"visibility":true},{"label":"F4225","price":"","price_type":"quantity_based","image":0,"visibility":true},{"label":"F4236","price":"","price_type":"quantity_based","image":0,"visibility":true},{"label":"F4249","price":"","price_type":"quantity_based","image":0,"visibility":true},{"label":"F4250","price":"","price_type":"quantity_based","image":0,"visibility":true},{"label":"F4251","price":"","price_type":"quantity_based","image":0,"visibility":true},{"label":"F4252","price":"","price_type":"quantity_based","image":0,"visibility":true},{"label":"F4253","price":"","price_type":"quantity_based","image":0,"visibility":true},{"label":"F4255","price":"","price_type":"quantity_based","image":0,"visibility":true},{"label":"F4256","price":"","price_type":"quantity_based","image":0,"visibility":true},{"label":"F4257","price":"","price_type":"quantity_based","image":0,"visibility":true},{"label":"F4269","price":"","price_type":"quantity_based","image":0,"visibility":true},{"label":"F4270","price":"","price_type":"quantity_based","image":0,"visibility":true},{"label":"F4351","price":"","price_type":"quantity_based","image":0,"visibility":true},{"label":"F4450","price":"","price_type":"quantity_based","image":0,"visibility":true},{"label":"F4462","price":"","price_type":"quantity_based","image":0,"visibility":true},{"label":"F4468","price":"","price_type":"quantity_based","image":0,"visibility":true}]},{"name":"Plastic kop?","type":"multiple_choice","position":1,"required":false,"title_format":"label","default":"","description_enable":false,"description":"","placeholder_enable":false,"placeholder":"","display":"select","restrictions_type":"any_text","adjust_price":false,"price":"","price_type":"flat_fee","restrictions":false,"min":"0","max":"0","options":[{"label":"Ja","price":"2","price_type":"flat_fee","image":0,"visibility":true},{"label":"Nee","price":"","price_type":"flat_fee","image":0,"visibility":true}]},{"name":"Upload hier een foto van uw sleutel","type":"heading","position":0,"required":false,"title_format":"label","default":"","description_enable":true,"description":"Graag een duidelijke foto van de gehele sleutel van bovenaf, zodat de insnijdingen goed te zien zijn.\r\nDit vragen wij om er zeker van te zijn dat wij de juiste sleutel leveren. Heeft u geen sleutel meer, dan kunt u dit veld leeg laten.","placeholder_enable":false,"placeholder":"","display":"select","restrictions_type":"any_text","adjust_price":false,"price":"","price_type":"flat_fee","restrictions":false,"min":"0","max":"0","options":[]},{"name":"Upload hier een foto van uw sleutel","type":"file_upload","position":1,"required":false,"title_format":"hide","default":"","description_enable":false,"description":"","placeholder_enable":false,"placeholder":"","display":"select","restrictions_type":"any_text","adjust_price":false,"price":"","price_type":"quantity_based","restrictions":false,"min":"0","max":"0","options":[]},{"name":"Upload hier een foto van uw sleutel","type":"file_upload","position":2,"required":false,"title_format":"hide","default":"","description_enable":true,"description":"Optionele tweede foto","placeholder_enable":false,"placeholder":"","display":"select","restrictions_type":"any_text","adjust_price":false,"price":"","price_type":"quantity_based","restrictions":false,"min":"0","max":"0","options":[]}],"yoast_head":"<!-- This site is optimized with the Yoast SEO plugin v27.2 - https:\/\/yoast.com\/product\/yoast-seo-wordpress\/ -->\n<title>Wohnwagenschl\u00fcssel (F4007 t\/m F8018) | Swier IJmuiden<\/title>\n<meta name=\"robots\" content=\"noindex, follow, max-snippet:-1, max-image-preview:large, max-video-preview:-1\" \/>\n<meta property=\"og:locale\" content=\"de_DE\" \/>\n<meta property=\"og:type\" content=\"article\" \/>\n<meta property=\"og:title\" content=\"Wohnwagenschl\u00fcssel (F4007 t\/m F8018) | Swier IJmuiden\" \/>\n<meta property=\"og:description\" content=\"Die Schl\u00fcsselnummer befindet sich auf dem Schloss oder auf dem Schl\u00fcssel selbst. Tragen Sie die vollst\u00e4ndige Nummer ein, die darauf steht. Diese Schl\u00fcsselnummern reichen von F4009 bis einschlie\u00dflich F4468.  LEIDER SIND NICHT ALLE SCHL\u00dcSSELNUMMERN F\u00dcR DIESE SCHL\u00dcSSEL VERF\u00dcGBAR. SEHEN SIE IN DER NACHSTEHENDEN LISTE NACH, OB IHRE SCHL\u00dcSSELNUMMER ENTHALTEN IST.  Wenn Sie noch einen Schl\u00fcssel haben, k\u00f6nnen Sie ein Foto hochladen und wir werden einen Schl\u00fcssel auf der Grundlage des Fotos anfertigen.\" \/>\n<meta property=\"og:url\" content=\"https:\/\/swier.previewvanwebsite.nl\/de\/product\/wohnwagenschlussel-f4009-bis-einschlieslich-f4468\/\" \/>\n<meta property=\"og:site_name\" content=\"Swier IJmuiden\" \/>\n<meta property=\"article:modified_time\" content=\"2022-07-22T14:33:15+00:00\" \/>\n<meta property=\"og:image\" content=\"https:\/\/swier.previewvanwebsite.nl\/wp-content\/uploads\/2021\/04\/DSC_9188.jpg\" \/>\n\t<meta property=\"og:image:width\" content=\"580\" \/>\n\t<meta property=\"og:image:height\" content=\"872\" \/>\n\t<meta property=\"og:image:type\" content=\"image\/jpeg\" \/>\n<script type=\"application\/ld+json\" class=\"yoast-schema-graph\">{\"@context\":\"https:\/\/schema.org\",\"@graph\":[{\"@type\":\"WebPage\",\"@id\":\"https:\/\/swier.previewvanwebsite.nl\/de\/product\/wohnwagenschlussel-f4009-bis-einschlieslich-f4468\/\",\"url\":\"https:\/\/swier.previewvanwebsite.nl\/de\/product\/wohnwagenschlussel-f4009-bis-einschlieslich-f4468\/\",\"name\":\"Wohnwagenschl\u00fcssel (F4007 t\/m F8018) | Swier IJmuiden\",\"isPartOf\":{\"@id\":\"https:\/\/swier.previewvanwebsite.nl\/#website\"},\"primaryImageOfPage\":{\"@id\":\"https:\/\/swier.previewvanwebsite.nl\/de\/product\/wohnwagenschlussel-f4009-bis-einschlieslich-f4468\/#primaryimage\"},\"image\":{\"@id\":\"https:\/\/swier.previewvanwebsite.nl\/de\/product\/wohnwagenschlussel-f4009-bis-einschlieslich-f4468\/#primaryimage\"},\"thumbnailUrl\":\"https:\/\/swier.previewvanwebsite.nl\/wp-content\/uploads\/2021\/04\/DSC_9188.jpg\",\"datePublished\":\"2022-01-12T10:56:17+00:00\",\"dateModified\":\"2022-07-22T14:33:15+00:00\",\"breadcrumb\":{\"@id\":\"https:\/\/swier.previewvanwebsite.nl\/de\/product\/wohnwagenschlussel-f4009-bis-einschlieslich-f4468\/#breadcrumb\"},\"inLanguage\":\"de\",\"potentialAction\":[{\"@type\":\"ReadAction\",\"target\":[\"https:\/\/swier.previewvanwebsite.nl\/de\/product\/wohnwagenschlussel-f4009-bis-einschlieslich-f4468\/\"]}]},{\"@type\":\"ImageObject\",\"inLanguage\":\"de\",\"@id\":\"https:\/\/swier.previewvanwebsite.nl\/de\/product\/wohnwagenschlussel-f4009-bis-einschlieslich-f4468\/#primaryimage\",\"url\":\"https:\/\/swier.previewvanwebsite.nl\/wp-content\/uploads\/2021\/04\/DSC_9188.jpg\",\"contentUrl\":\"https:\/\/swier.previewvanwebsite.nl\/wp-content\/uploads\/2021\/04\/DSC_9188.jpg\",\"width\":580,\"height\":872},{\"@type\":\"BreadcrumbList\",\"@id\":\"https:\/\/swier.previewvanwebsite.nl\/de\/product\/wohnwagenschlussel-f4009-bis-einschlieslich-f4468\/#breadcrumb\",\"itemListElement\":[{\"@type\":\"ListItem\",\"position\":1,\"name\":\"Home\",\"item\":\"https:\/\/swier.previewvanwebsite.nl\/de\/home\/\"},{\"@type\":\"ListItem\",\"position\":2,\"name\":\"Webshop\",\"item\":\"https:\/\/swier.previewvanwebsite.nl\/de\/webshop\/\"},{\"@type\":\"ListItem\",\"position\":3,\"name\":\"Schl\u00fcssel\",\"item\":\"https:\/\/swier.previewvanwebsite.nl\/de\/produkt-kategorie\/schlussel\/\"},{\"@type\":\"ListItem\",\"position\":4,\"name\":\"Wohnwagen-\/Wohnmobilschl\u00fcssel\",\"item\":\"https:\/\/swier.previewvanwebsite.nl\/de\/produkt-kategorie\/schlussel\/wohnwagen-wohnmobilschlussel\/\"},{\"@type\":\"ListItem\",\"position\":5,\"name\":\"Wohnwagenschl\u00fcssel (F4007 t\/m F8018)\"}]},{\"@type\":\"WebSite\",\"@id\":\"https:\/\/swier.previewvanwebsite.nl\/#website\",\"url\":\"https:\/\/swier.previewvanwebsite.nl\/\",\"name\":\"Swier IJmuiden\",\"description\":\"Slotenservice &amp; Sleutelspecialist\",\"publisher\":{\"@id\":\"https:\/\/swier.previewvanwebsite.nl\/#organization\"},\"potentialAction\":[{\"@type\":\"SearchAction\",\"target\":{\"@type\":\"EntryPoint\",\"urlTemplate\":\"https:\/\/swier.previewvanwebsite.nl\/?s={search_term_string}\"},\"query-input\":{\"@type\":\"PropertyValueSpecification\",\"valueRequired\":true,\"valueName\":\"search_term_string\"}}],\"inLanguage\":\"de\"},{\"@type\":\"Organization\",\"@id\":\"https:\/\/swier.previewvanwebsite.nl\/#organization\",\"name\":\"Swier IJmuiden\",\"url\":\"https:\/\/swier.previewvanwebsite.nl\/\",\"logo\":{\"@type\":\"ImageObject\",\"inLanguage\":\"de\",\"@id\":\"https:\/\/swier.previewvanwebsite.nl\/#\/schema\/logo\/image\/\",\"url\":\"https:\/\/swier.previewvanwebsite.nl\/wp-content\/uploads\/2018\/08\/logo-swier-website-220.png\",\"contentUrl\":\"https:\/\/swier.previewvanwebsite.nl\/wp-content\/uploads\/2018\/08\/logo-swier-website-220.png\",\"width\":220,\"height\":148,\"caption\":\"Swier IJmuiden\"},\"image\":{\"@id\":\"https:\/\/swier.previewvanwebsite.nl\/#\/schema\/logo\/image\/\"}}]}<\/script>\n<!-- \/ Yoast SEO plugin. -->","yoast_head_json":{"title":"Wohnwagenschl\u00fcssel (F4007 t\/m F8018) | Swier IJmuiden","robots":{"index":"noindex","follow":"follow","max-snippet":"max-snippet:-1","max-image-preview":"max-image-preview:large","max-video-preview":"max-video-preview:-1"},"og_locale":"de_DE","og_type":"article","og_title":"Wohnwagenschl\u00fcssel (F4007 t\/m F8018) | Swier IJmuiden","og_description":"Die Schl\u00fcsselnummer befindet sich auf dem Schloss oder auf dem Schl\u00fcssel selbst. Tragen Sie die vollst\u00e4ndige Nummer ein, die darauf steht. Diese Schl\u00fcsselnummern reichen von F4009 bis einschlie\u00dflich F4468.  LEIDER SIND NICHT ALLE SCHL\u00dcSSELNUMMERN F\u00dcR DIESE SCHL\u00dcSSEL VERF\u00dcGBAR. SEHEN SIE IN DER NACHSTEHENDEN LISTE NACH, OB IHRE SCHL\u00dcSSELNUMMER ENTHALTEN IST.  Wenn Sie noch einen Schl\u00fcssel haben, k\u00f6nnen Sie ein Foto hochladen und wir werden einen Schl\u00fcssel auf der Grundlage des Fotos anfertigen.","og_url":"https:\/\/swier.previewvanwebsite.nl\/de\/product\/wohnwagenschlussel-f4009-bis-einschlieslich-f4468\/","og_site_name":"Swier IJmuiden","article_modified_time":"2022-07-22T14:33:15+00:00","og_image":[{"width":580,"height":872,"url":"https:\/\/swier.previewvanwebsite.nl\/wp-content\/uploads\/2021\/04\/DSC_9188.jpg","type":"image\/jpeg"}],"schema":{"@context":"https:\/\/schema.org","@graph":[{"@type":"WebPage","@id":"https:\/\/swier.previewvanwebsite.nl\/de\/product\/wohnwagenschlussel-f4009-bis-einschlieslich-f4468\/","url":"https:\/\/swier.previewvanwebsite.nl\/de\/product\/wohnwagenschlussel-f4009-bis-einschlieslich-f4468\/","name":"Wohnwagenschl\u00fcssel (F4007 t\/m F8018) | Swier IJmuiden","isPartOf":{"@id":"https:\/\/swier.previewvanwebsite.nl\/#website"},"primaryImageOfPage":{"@id":"https:\/\/swier.previewvanwebsite.nl\/de\/product\/wohnwagenschlussel-f4009-bis-einschlieslich-f4468\/#primaryimage"},"image":{"@id":"https:\/\/swier.previewvanwebsite.nl\/de\/product\/wohnwagenschlussel-f4009-bis-einschlieslich-f4468\/#primaryimage"},"thumbnailUrl":"https:\/\/swier.previewvanwebsite.nl\/wp-content\/uploads\/2021\/04\/DSC_9188.jpg","datePublished":"2022-01-12T10:56:17+00:00","dateModified":"2022-07-22T14:33:15+00:00","breadcrumb":{"@id":"https:\/\/swier.previewvanwebsite.nl\/de\/product\/wohnwagenschlussel-f4009-bis-einschlieslich-f4468\/#breadcrumb"},"inLanguage":"de","potentialAction":[{"@type":"ReadAction","target":["https:\/\/swier.previewvanwebsite.nl\/de\/product\/wohnwagenschlussel-f4009-bis-einschlieslich-f4468\/"]}]},{"@type":"ImageObject","inLanguage":"de","@id":"https:\/\/swier.previewvanwebsite.nl\/de\/product\/wohnwagenschlussel-f4009-bis-einschlieslich-f4468\/#primaryimage","url":"https:\/\/swier.previewvanwebsite.nl\/wp-content\/uploads\/2021\/04\/DSC_9188.jpg","contentUrl":"https:\/\/swier.previewvanwebsite.nl\/wp-content\/uploads\/2021\/04\/DSC_9188.jpg","width":580,"height":872},{"@type":"BreadcrumbList","@id":"https:\/\/swier.previewvanwebsite.nl\/de\/product\/wohnwagenschlussel-f4009-bis-einschlieslich-f4468\/#breadcrumb","itemListElement":[{"@type":"ListItem","position":1,"name":"Home","item":"https:\/\/swier.previewvanwebsite.nl\/de\/home\/"},{"@type":"ListItem","position":2,"name":"Webshop","item":"https:\/\/swier.previewvanwebsite.nl\/de\/webshop\/"},{"@type":"ListItem","position":3,"name":"Schl\u00fcssel","item":"https:\/\/swier.previewvanwebsite.nl\/de\/produkt-kategorie\/schlussel\/"},{"@type":"ListItem","position":4,"name":"Wohnwagen-\/Wohnmobilschl\u00fcssel","item":"https:\/\/swier.previewvanwebsite.nl\/de\/produkt-kategorie\/schlussel\/wohnwagen-wohnmobilschlussel\/"},{"@type":"ListItem","position":5,"name":"Wohnwagenschl\u00fcssel (F4007 t\/m F8018)"}]},{"@type":"WebSite","@id":"https:\/\/swier.previewvanwebsite.nl\/#website","url":"https:\/\/swier.previewvanwebsite.nl\/","name":"Swier IJmuiden","description":"Slotenservice &amp; Sleutelspecialist","publisher":{"@id":"https:\/\/swier.previewvanwebsite.nl\/#organization"},"potentialAction":[{"@type":"SearchAction","target":{"@type":"EntryPoint","urlTemplate":"https:\/\/swier.previewvanwebsite.nl\/?s={search_term_string}"},"query-input":{"@type":"PropertyValueSpecification","valueRequired":true,"valueName":"search_term_string"}}],"inLanguage":"de"},{"@type":"Organization","@id":"https:\/\/swier.previewvanwebsite.nl\/#organization","name":"Swier IJmuiden","url":"https:\/\/swier.previewvanwebsite.nl\/","logo":{"@type":"ImageObject","inLanguage":"de","@id":"https:\/\/swier.previewvanwebsite.nl\/#\/schema\/logo\/image\/","url":"https:\/\/swier.previewvanwebsite.nl\/wp-content\/uploads\/2018\/08\/logo-swier-website-220.png","contentUrl":"https:\/\/swier.previewvanwebsite.nl\/wp-content\/uploads\/2018\/08\/logo-swier-website-220.png","width":220,"height":148,"caption":"Swier IJmuiden"},"image":{"@id":"https:\/\/swier.previewvanwebsite.nl\/#\/schema\/logo\/image\/"}}]}},"_links":{"self":[{"href":"https:\/\/swier.previewvanwebsite.nl\/de\/wp-json\/wp\/v2\/product\/41184","targetHints":{"allow":["GET"]}}],"collection":[{"href":"https:\/\/swier.previewvanwebsite.nl\/de\/wp-json\/wp\/v2\/product"}],"about":[{"href":"https:\/\/swier.previewvanwebsite.nl\/de\/wp-json\/wp\/v2\/types\/product"}],"replies":[{"embeddable":true,"href":"https:\/\/swier.previewvanwebsite.nl\/de\/wp-json\/wp\/v2\/comments?post=41184"}],"wp:featuredmedia":[{"embeddable":true,"href":"https:\/\/swier.previewvanwebsite.nl\/de\/wp-json\/wp\/v2\/media\/41186"}],"wp:attachment":[{"href":"https:\/\/swier.previewvanwebsite.nl\/de\/wp-json\/wp\/v2\/media?parent=41184"}],"wp:term":[{"taxonomy":"product_brand","embeddable":true,"href":"https:\/\/swier.previewvanwebsite.nl\/de\/wp-json\/wp\/v2\/product_brand?post=41184"},{"taxonomy":"product_cat","embeddable":true,"href":"https:\/\/swier.previewvanwebsite.nl\/de\/wp-json\/wp\/v2\/product_cat?post=41184"},{"taxonomy":"product_tag","embeddable":true,"href":"https:\/\/swier.previewvanwebsite.nl\/de\/wp-json\/wp\/v2\/product_tag?post=41184"}],"curies":[{"name":"wp","href":"https:\/\/api.w.org\/{rel}","templated":true}]}}