{"id":41201,"date":"2021-01-14T14:11:49","date_gmt":"2022-01-12T14:24:39","guid":{"rendered":"https:\/\/swier.previewvanwebsite.nl\/product\/deichselschlussel-westfalia-10000-bis-einschlieslich-40000\/"},"modified":"2022-07-22T15:05:17","modified_gmt":"2022-07-22T13:05:17","slug":"deichselschlussel-westfalia-10000-40000","status":"publish","type":"product","link":"https:\/\/swier.previewvanwebsite.nl\/de\/produkt\/deichselschlussel-westfalia-10000-40000\/","title":{"rendered":"Deichselschl\u00fcssel Westfalia (10000 bis einschlie\u00dflich 40000)"},"content":{"rendered":"<p>Die Schl\u00fcsselnummer befindet sich auf dem Schloss oder auf dem Schl\u00fcssel selbst. Tragen Sie die vollst\u00e4ndige Nummer ein, die darauf steht. Diese Schl\u00fcsselnummern reichen von 2W001 2W50 oder von 10000 bis einschlie\u00dflich 40000.<\/p>\n<p>Sie haben keine Schl\u00fcsselnummer, aber eine Schlossnummer?<\/p>\n<p>Auf dem <em>Schloss<\/em> befindet sich eine 5-stellige Schl\u00fcsselnummer, ohne Buchstaben. (z.B. 296<strong>40<\/strong>).<\/p>\n<p>Bitte beachten Sie: Dieser Schl\u00fcssel kann <strong>nicht<\/strong> mit Westfalia-Anh\u00e4ngerkupplungen vom <strong>Porsche Cayenne<\/strong> oder <strong>Volkswagen Touareg<\/strong> verwendet werden.<\/p>\n","protected":false},"excerpt":{"rendered":"<p>Die Schl\u00fcsselnummer befindet sich auf dem Schloss oder auf dem Schl\u00fcssel selbst. Tragen Sie die vollst\u00e4ndige Nummer ein, die darauf steht. Diese Schl\u00fcsselnummern reichen von 2W001 2W50 oder von 10000 bis einschlie\u00dflich 40000.<\/p>\n<p>Sie haben keine Schl\u00fcsselnummer, aber eine Schlossnummer?<\/p>\n<p>Auf dem <em>Schloss<\/em> befindet sich eine 5-stellige Schl\u00fcsselnummer, ohne Buchstaben. (z.B. 296<strong>40<\/strong>).<\/p>\n<p>Bitte beachten Sie: Dieser Schl\u00fcssel kann <strong>nicht<\/strong> mit Westfalia-Anh\u00e4ngerkupplungen vom <strong>Porsche Cayenne<\/strong>oder <strong>Volkswagen Touareg<\/strong> verwendet werden.<\/p>\n","protected":false},"featured_media":41202,"comment_status":"closed","ping_status":"closed","template":"","meta":{"site-sidebar-layout":"default","site-content-layout":"","ast-site-content-layout":"default","site-content-style":"default","site-sidebar-style":"default","ast-global-header-display":"","ast-banner-title-visibility":"","ast-main-header-display":"","ast-hfb-above-header-display":"","ast-hfb-below-header-display":"","ast-hfb-mobile-header-display":"","site-post-title":"","ast-breadcrumbs-content":"","ast-featured-img":"","footer-sml-layout":"","ast-disable-related-posts":"","theme-transparent-header-meta":"","adv-header-id-meta":"","stick-header-meta":"","header-above-stick-meta":"","header-main-stick-meta":"","header-below-stick-meta":"","astra-migrate-meta-layouts":"default","ast-page-background-enabled":"default","ast-page-background-meta":{"desktop":{"background-color":"var(--ast-global-color-4)","background-image":"","background-repeat":"repeat","background-position":"center center","background-size":"auto","background-attachment":"scroll","background-type":"","background-media":"","overlay-type":"","overlay-color":"","overlay-opacity":"","overlay-gradient":""},"tablet":{"background-color":"","background-image":"","background-repeat":"repeat","background-position":"center center","background-size":"auto","background-attachment":"scroll","background-type":"","background-media":"","overlay-type":"","overlay-color":"","overlay-opacity":"","overlay-gradient":""},"mobile":{"background-color":"","background-image":"","background-repeat":"repeat","background-position":"center center","background-size":"auto","background-attachment":"scroll","background-type":"","background-media":"","overlay-type":"","overlay-color":"","overlay-opacity":"","overlay-gradient":""}},"ast-content-background-meta":{"desktop":{"background-color":"var(--ast-global-color-5)","background-image":"","background-repeat":"repeat","background-position":"center center","background-size":"auto","background-attachment":"scroll","background-type":"","background-media":"","overlay-type":"","overlay-color":"","overlay-opacity":"","overlay-gradient":""},"tablet":{"background-color":"var(--ast-global-color-5)","background-image":"","background-repeat":"repeat","background-position":"center center","background-size":"auto","background-attachment":"scroll","background-type":"","background-media":"","overlay-type":"","overlay-color":"","overlay-opacity":"","overlay-gradient":""},"mobile":{"background-color":"var(--ast-global-color-5)","background-image":"","background-repeat":"repeat","background-position":"center center","background-size":"auto","background-attachment":"scroll","background-type":"","background-media":"","overlay-type":"","overlay-color":"","overlay-opacity":"","overlay-gradient":""}}},"product_brand":[],"product_cat":[771,766],"product_tag":[],"class_list":{"0":"post-41201","1":"product","2":"type-product","3":"status-publish","4":"has-post-thumbnail","6":"product_cat-anhangerkupplungsschlussel","7":"product_cat-schlussel","8":"product_shipping_class-briefkastenpaket","9":"desktop-align-left","10":"tablet-align-left","11":"mobile-align-left","12":"ast-product-gallery-layout-horizontal-slider","13":"ast-product-gallery-with-no-image","14":"ast-magnify-disabled","15":"ast-product-tabs-layout-distributed","17":"first","18":"instock","19":"taxable","20":"shipping-taxable","21":"purchasable","22":"product-type-simple"},"exclude_global_add_ons":false,"addons":[{"name":"Sleutelnummer (10000 t\/m 40000)","type":"custom_text","position":0,"required":true,"title_format":"label","default":"","description_enable":false,"description":"","placeholder_enable":false,"placeholder":"","display":"select","restrictions_type":"any_text","adjust_price":false,"price":"","price_type":"flat_fee","restrictions":false,"min":"0","max":"0","options":[]},{"name":"Upload hier een foto van uw sleutel","type":"heading","position":0,"required":false,"title_format":"label","default":"","description_enable":true,"description":"Graag een duidelijke foto van de gehele sleutel van bovenaf, zodat de insnijdingen goed te zien zijn.\r\nDit vragen wij om er zeker van te zijn dat wij de juiste sleutel leveren. Heeft u geen sleutel meer, dan kunt u dit veld leeg laten.","placeholder_enable":false,"placeholder":"","display":"select","restrictions_type":"any_text","adjust_price":false,"price":"","price_type":"flat_fee","restrictions":false,"min":"0","max":"0","options":[]},{"name":"Upload hier een foto van uw sleutel","type":"file_upload","position":1,"required":false,"title_format":"hide","default":"","description_enable":false,"description":"","placeholder_enable":false,"placeholder":"","display":"select","restrictions_type":"any_text","adjust_price":false,"price":"","price_type":"quantity_based","restrictions":false,"min":"0","max":"0","options":[]},{"name":"Upload hier een foto van uw sleutel","type":"file_upload","position":2,"required":false,"title_format":"hide","default":"","description_enable":true,"description":"Optionele tweede foto","placeholder_enable":false,"placeholder":"","display":"select","restrictions_type":"any_text","adjust_price":false,"price":"","price_type":"quantity_based","restrictions":false,"min":"0","max":"0","options":[]}],"yoast_head":"<!-- This site is optimized with the Yoast SEO plugin v27.2 - https:\/\/yoast.com\/product\/yoast-seo-wordpress\/ -->\n<title>Deichselschl\u00fcssel Westfalia (10000 bis einschlie\u00dflich 40000) | Swier IJmuiden<\/title>\n<meta name=\"robots\" content=\"noindex, follow, max-snippet:-1, max-image-preview:large, max-video-preview:-1\" \/>\n<meta property=\"og:locale\" content=\"de_DE\" \/>\n<meta property=\"og:type\" content=\"article\" \/>\n<meta property=\"og:title\" content=\"Deichselschl\u00fcssel Westfalia (10000 bis einschlie\u00dflich 40000) | Swier IJmuiden\" \/>\n<meta property=\"og:description\" content=\"Die Schl\u00fcsselnummer befindet sich auf dem Schloss oder auf dem Schl\u00fcssel selbst. Tragen Sie die vollst\u00e4ndige Nummer ein, die darauf steht. Diese Schl\u00fcsselnummern reichen von 2W001 2W50 oder von 10000 bis einschlie\u00dflich 40000.  Sie haben keine Schl\u00fcsselnummer, aber eine Schlossnummer?  Auf dem Schloss befindet sich eine 5-stellige Schl\u00fcsselnummer, ohne Buchstaben. (z.B. 29640).  Bitte beachten Sie: Dieser Schl\u00fcssel kann nicht mit Westfalia-Anh\u00e4ngerkupplungen vom Porsche Cayenneoder Volkswagen Touareg verwendet werden.\" \/>\n<meta property=\"og:url\" content=\"https:\/\/swier.previewvanwebsite.nl\/de\/product\/deichselschlussel-westfalia-10000-40000\/\" \/>\n<meta property=\"og:site_name\" content=\"Swier IJmuiden\" \/>\n<meta property=\"article:modified_time\" content=\"2022-07-22T13:05:17+00:00\" \/>\n<meta property=\"og:image\" content=\"https:\/\/swier.previewvanwebsite.nl\/wp-content\/uploads\/2021\/01\/dm8.jpg\" \/>\n\t<meta property=\"og:image:width\" content=\"580\" \/>\n\t<meta property=\"og:image:height\" content=\"872\" \/>\n\t<meta property=\"og:image:type\" content=\"image\/jpeg\" \/>\n<meta name=\"twitter:label1\" content=\"Gesch\u00e4tzte Lesezeit\" \/>\n\t<meta name=\"twitter:data1\" content=\"1\u00a0Minute\" \/>\n<script type=\"application\/ld+json\" class=\"yoast-schema-graph\">{\"@context\":\"https:\/\/schema.org\",\"@graph\":[{\"@type\":\"WebPage\",\"@id\":\"https:\/\/swier.previewvanwebsite.nl\/de\/product\/deichselschlussel-westfalia-10000-40000\/\",\"url\":\"https:\/\/swier.previewvanwebsite.nl\/de\/product\/deichselschlussel-westfalia-10000-40000\/\",\"name\":\"Deichselschl\u00fcssel Westfalia (10000 bis einschlie\u00dflich 40000) | Swier IJmuiden\",\"isPartOf\":{\"@id\":\"https:\/\/swier.previewvanwebsite.nl\/#website\"},\"primaryImageOfPage\":{\"@id\":\"https:\/\/swier.previewvanwebsite.nl\/de\/product\/deichselschlussel-westfalia-10000-40000\/#primaryimage\"},\"image\":{\"@id\":\"https:\/\/swier.previewvanwebsite.nl\/de\/product\/deichselschlussel-westfalia-10000-40000\/#primaryimage\"},\"thumbnailUrl\":\"https:\/\/swier.previewvanwebsite.nl\/wp-content\/uploads\/2021\/01\/dm8.jpg\",\"datePublished\":\"2022-01-12T14:24:39+00:00\",\"dateModified\":\"2022-07-22T13:05:17+00:00\",\"breadcrumb\":{\"@id\":\"https:\/\/swier.previewvanwebsite.nl\/de\/product\/deichselschlussel-westfalia-10000-40000\/#breadcrumb\"},\"inLanguage\":\"de\",\"potentialAction\":[{\"@type\":\"ReadAction\",\"target\":[\"https:\/\/swier.previewvanwebsite.nl\/de\/product\/deichselschlussel-westfalia-10000-40000\/\"]}]},{\"@type\":\"ImageObject\",\"inLanguage\":\"de\",\"@id\":\"https:\/\/swier.previewvanwebsite.nl\/de\/product\/deichselschlussel-westfalia-10000-40000\/#primaryimage\",\"url\":\"https:\/\/swier.previewvanwebsite.nl\/wp-content\/uploads\/2021\/01\/dm8.jpg\",\"contentUrl\":\"https:\/\/swier.previewvanwebsite.nl\/wp-content\/uploads\/2021\/01\/dm8.jpg\",\"width\":580,\"height\":872,\"caption\":\"Trekhaaksleutel Westfalia (10000 t\/m 40000)\"},{\"@type\":\"BreadcrumbList\",\"@id\":\"https:\/\/swier.previewvanwebsite.nl\/de\/product\/deichselschlussel-westfalia-10000-40000\/#breadcrumb\",\"itemListElement\":[{\"@type\":\"ListItem\",\"position\":1,\"name\":\"Home\",\"item\":\"https:\/\/swier.previewvanwebsite.nl\/de\/home\/\"},{\"@type\":\"ListItem\",\"position\":2,\"name\":\"Webshop\",\"item\":\"https:\/\/swier.previewvanwebsite.nl\/de\/webshop\/\"},{\"@type\":\"ListItem\",\"position\":3,\"name\":\"Schl\u00fcssel\",\"item\":\"https:\/\/swier.previewvanwebsite.nl\/de\/produkt-kategorie\/schlussel\/\"},{\"@type\":\"ListItem\",\"position\":4,\"name\":\"Anh\u00e4ngerkupplungsschl\u00fcssel\",\"item\":\"https:\/\/swier.previewvanwebsite.nl\/de\/produkt-kategorie\/schlussel\/anhangerkupplungsschlussel\/\"},{\"@type\":\"ListItem\",\"position\":5,\"name\":\"Deichselschl\u00fcssel Westfalia (10000 bis einschlie\u00dflich 40000)\"}]},{\"@type\":\"WebSite\",\"@id\":\"https:\/\/swier.previewvanwebsite.nl\/#website\",\"url\":\"https:\/\/swier.previewvanwebsite.nl\/\",\"name\":\"Swier IJmuiden\",\"description\":\"Slotenservice &amp; Sleutelspecialist\",\"publisher\":{\"@id\":\"https:\/\/swier.previewvanwebsite.nl\/#organization\"},\"potentialAction\":[{\"@type\":\"SearchAction\",\"target\":{\"@type\":\"EntryPoint\",\"urlTemplate\":\"https:\/\/swier.previewvanwebsite.nl\/?s={search_term_string}\"},\"query-input\":{\"@type\":\"PropertyValueSpecification\",\"valueRequired\":true,\"valueName\":\"search_term_string\"}}],\"inLanguage\":\"de\"},{\"@type\":\"Organization\",\"@id\":\"https:\/\/swier.previewvanwebsite.nl\/#organization\",\"name\":\"Swier IJmuiden\",\"url\":\"https:\/\/swier.previewvanwebsite.nl\/\",\"logo\":{\"@type\":\"ImageObject\",\"inLanguage\":\"de\",\"@id\":\"https:\/\/swier.previewvanwebsite.nl\/#\/schema\/logo\/image\/\",\"url\":\"https:\/\/swier.previewvanwebsite.nl\/wp-content\/uploads\/2018\/08\/logo-swier-website-220.png\",\"contentUrl\":\"https:\/\/swier.previewvanwebsite.nl\/wp-content\/uploads\/2018\/08\/logo-swier-website-220.png\",\"width\":220,\"height\":148,\"caption\":\"Swier IJmuiden\"},\"image\":{\"@id\":\"https:\/\/swier.previewvanwebsite.nl\/#\/schema\/logo\/image\/\"}}]}<\/script>\n<!-- \/ Yoast SEO plugin. -->","yoast_head_json":{"title":"Deichselschl\u00fcssel Westfalia (10000 bis einschlie\u00dflich 40000) | Swier IJmuiden","robots":{"index":"noindex","follow":"follow","max-snippet":"max-snippet:-1","max-image-preview":"max-image-preview:large","max-video-preview":"max-video-preview:-1"},"og_locale":"de_DE","og_type":"article","og_title":"Deichselschl\u00fcssel Westfalia (10000 bis einschlie\u00dflich 40000) | Swier IJmuiden","og_description":"Die Schl\u00fcsselnummer befindet sich auf dem Schloss oder auf dem Schl\u00fcssel selbst. Tragen Sie die vollst\u00e4ndige Nummer ein, die darauf steht. Diese Schl\u00fcsselnummern reichen von 2W001 2W50 oder von 10000 bis einschlie\u00dflich 40000.  Sie haben keine Schl\u00fcsselnummer, aber eine Schlossnummer?  Auf dem Schloss befindet sich eine 5-stellige Schl\u00fcsselnummer, ohne Buchstaben. (z.B. 29640).  Bitte beachten Sie: Dieser Schl\u00fcssel kann nicht mit Westfalia-Anh\u00e4ngerkupplungen vom Porsche Cayenneoder Volkswagen Touareg verwendet werden.","og_url":"https:\/\/swier.previewvanwebsite.nl\/de\/product\/deichselschlussel-westfalia-10000-40000\/","og_site_name":"Swier IJmuiden","article_modified_time":"2022-07-22T13:05:17+00:00","og_image":[{"width":580,"height":872,"url":"https:\/\/swier.previewvanwebsite.nl\/wp-content\/uploads\/2021\/01\/dm8.jpg","type":"image\/jpeg"}],"twitter_misc":{"Gesch\u00e4tzte Lesezeit":"1\u00a0Minute"},"schema":{"@context":"https:\/\/schema.org","@graph":[{"@type":"WebPage","@id":"https:\/\/swier.previewvanwebsite.nl\/de\/product\/deichselschlussel-westfalia-10000-40000\/","url":"https:\/\/swier.previewvanwebsite.nl\/de\/product\/deichselschlussel-westfalia-10000-40000\/","name":"Deichselschl\u00fcssel Westfalia (10000 bis einschlie\u00dflich 40000) | Swier IJmuiden","isPartOf":{"@id":"https:\/\/swier.previewvanwebsite.nl\/#website"},"primaryImageOfPage":{"@id":"https:\/\/swier.previewvanwebsite.nl\/de\/product\/deichselschlussel-westfalia-10000-40000\/#primaryimage"},"image":{"@id":"https:\/\/swier.previewvanwebsite.nl\/de\/product\/deichselschlussel-westfalia-10000-40000\/#primaryimage"},"thumbnailUrl":"https:\/\/swier.previewvanwebsite.nl\/wp-content\/uploads\/2021\/01\/dm8.jpg","datePublished":"2022-01-12T14:24:39+00:00","dateModified":"2022-07-22T13:05:17+00:00","breadcrumb":{"@id":"https:\/\/swier.previewvanwebsite.nl\/de\/product\/deichselschlussel-westfalia-10000-40000\/#breadcrumb"},"inLanguage":"de","potentialAction":[{"@type":"ReadAction","target":["https:\/\/swier.previewvanwebsite.nl\/de\/product\/deichselschlussel-westfalia-10000-40000\/"]}]},{"@type":"ImageObject","inLanguage":"de","@id":"https:\/\/swier.previewvanwebsite.nl\/de\/product\/deichselschlussel-westfalia-10000-40000\/#primaryimage","url":"https:\/\/swier.previewvanwebsite.nl\/wp-content\/uploads\/2021\/01\/dm8.jpg","contentUrl":"https:\/\/swier.previewvanwebsite.nl\/wp-content\/uploads\/2021\/01\/dm8.jpg","width":580,"height":872,"caption":"Trekhaaksleutel Westfalia (10000 t\/m 40000)"},{"@type":"BreadcrumbList","@id":"https:\/\/swier.previewvanwebsite.nl\/de\/product\/deichselschlussel-westfalia-10000-40000\/#breadcrumb","itemListElement":[{"@type":"ListItem","position":1,"name":"Home","item":"https:\/\/swier.previewvanwebsite.nl\/de\/home\/"},{"@type":"ListItem","position":2,"name":"Webshop","item":"https:\/\/swier.previewvanwebsite.nl\/de\/webshop\/"},{"@type":"ListItem","position":3,"name":"Schl\u00fcssel","item":"https:\/\/swier.previewvanwebsite.nl\/de\/produkt-kategorie\/schlussel\/"},{"@type":"ListItem","position":4,"name":"Anh\u00e4ngerkupplungsschl\u00fcssel","item":"https:\/\/swier.previewvanwebsite.nl\/de\/produkt-kategorie\/schlussel\/anhangerkupplungsschlussel\/"},{"@type":"ListItem","position":5,"name":"Deichselschl\u00fcssel Westfalia (10000 bis einschlie\u00dflich 40000)"}]},{"@type":"WebSite","@id":"https:\/\/swier.previewvanwebsite.nl\/#website","url":"https:\/\/swier.previewvanwebsite.nl\/","name":"Swier IJmuiden","description":"Slotenservice &amp; Sleutelspecialist","publisher":{"@id":"https:\/\/swier.previewvanwebsite.nl\/#organization"},"potentialAction":[{"@type":"SearchAction","target":{"@type":"EntryPoint","urlTemplate":"https:\/\/swier.previewvanwebsite.nl\/?s={search_term_string}"},"query-input":{"@type":"PropertyValueSpecification","valueRequired":true,"valueName":"search_term_string"}}],"inLanguage":"de"},{"@type":"Organization","@id":"https:\/\/swier.previewvanwebsite.nl\/#organization","name":"Swier IJmuiden","url":"https:\/\/swier.previewvanwebsite.nl\/","logo":{"@type":"ImageObject","inLanguage":"de","@id":"https:\/\/swier.previewvanwebsite.nl\/#\/schema\/logo\/image\/","url":"https:\/\/swier.previewvanwebsite.nl\/wp-content\/uploads\/2018\/08\/logo-swier-website-220.png","contentUrl":"https:\/\/swier.previewvanwebsite.nl\/wp-content\/uploads\/2018\/08\/logo-swier-website-220.png","width":220,"height":148,"caption":"Swier IJmuiden"},"image":{"@id":"https:\/\/swier.previewvanwebsite.nl\/#\/schema\/logo\/image\/"}}]}},"_links":{"self":[{"href":"https:\/\/swier.previewvanwebsite.nl\/de\/wp-json\/wp\/v2\/product\/41201","targetHints":{"allow":["GET"]}}],"collection":[{"href":"https:\/\/swier.previewvanwebsite.nl\/de\/wp-json\/wp\/v2\/product"}],"about":[{"href":"https:\/\/swier.previewvanwebsite.nl\/de\/wp-json\/wp\/v2\/types\/product"}],"replies":[{"embeddable":true,"href":"https:\/\/swier.previewvanwebsite.nl\/de\/wp-json\/wp\/v2\/comments?post=41201"}],"wp:featuredmedia":[{"embeddable":true,"href":"https:\/\/swier.previewvanwebsite.nl\/de\/wp-json\/wp\/v2\/media\/41202"}],"wp:attachment":[{"href":"https:\/\/swier.previewvanwebsite.nl\/de\/wp-json\/wp\/v2\/media?parent=41201"}],"wp:term":[{"taxonomy":"product_brand","embeddable":true,"href":"https:\/\/swier.previewvanwebsite.nl\/de\/wp-json\/wp\/v2\/product_brand?post=41201"},{"taxonomy":"product_cat","embeddable":true,"href":"https:\/\/swier.previewvanwebsite.nl\/de\/wp-json\/wp\/v2\/product_cat?post=41201"},{"taxonomy":"product_tag","embeddable":true,"href":"https:\/\/swier.previewvanwebsite.nl\/de\/wp-json\/wp\/v2\/product_tag?post=41201"}],"curies":[{"name":"wp","href":"https:\/\/api.w.org\/{rel}","templated":true}]}}